{"id":124,"date":"2021-04-18T00:01:02","date_gmt":"2021-04-17T22:01:02","guid":{"rendered":"http:\/\/ciqriveneuve.fr\/?page_id=124"},"modified":"2025-01-13T23:58:36","modified_gmt":"2025-01-13T22:58:36","slug":"demande-dadhesion","status":"publish","type":"page","link":"https:\/\/ciqriveneuve.fr\/?page_id=124","title":{"rendered":"Demande d&rsquo;adh\u00e9sion"},"content":{"rendered":"\n<p><strong>Vous souhaitez participer \u00e0 la vie de votre quartier ?<\/strong><\/p>\n\n\n\n<p><\/p>\n\n\n\n<p><strong>1 &#8211; Vous pouvez nous renvoyer le <a href=\"http:\/\/ciqriveneuve.fr\/wp-content\/uploads\/2025\/01\/Bulletin-adhesion-2025.pdf\">bulletin <\/a><a href=\"http:\/\/ciqriveneuve.fr\/wp-content\/uploads\/2025\/01\/Bulletin-adhesion-2025.pdf\" target=\"_blank\" rel=\"noreferrer noopener\">d\u2019adh\u00e9sion<\/a> accompagn\u00e9 de votre cotisation \u00e0 l\u2019adresse suivante\u00a0:<\/strong><br>CIQ Rive-Neuve<br>10, rue Fortia<br>13001 Marseille<\/p>\n\n\n\n<p><\/p>\n\n\n\n<p><strong>2 &#8211; Directement en ligne :<\/strong><\/p>\n\n\n\n<iframe id=\"haWidget\" allowtransparency=\"true\" src=\"https:\/\/www.helloasso.com\/associations\/ciq-rive-neuve\/adhesions\/cotisation-2025\/widget-bouton\" style=\"width: 100%; height: 70px; border: none;\"><\/iframe>\n\n\n\n<p><\/p>\n","protected":false},"excerpt":{"rendered":"<p>Vous souhaitez participer \u00e0 la vie de votre quartier ? 1 &#8211; Vous pouvez nous renvoyer le bulletin d\u2019adh\u00e9sion accompagn\u00e9 de votre cotisation \u00e0 l\u2019adresse suivante\u00a0:CIQ Rive-Neuve10, rue Fortia13001 Marseille 2 &#8211; Directement en ligne :<\/p>\n","protected":false},"author":1,"featured_media":0,"parent":0,"menu_order":1,"comment_status":"closed","ping_status":"closed","template":"template-parts\/template-page-full-width.php","meta":{"footnotes":""},"class_list":["post-124","page","type-page","status-publish","hentry"],"yoast_head":"<!-- This site is optimized with the Yoast SEO plugin v24.2 - https:\/\/yoast.com\/wordpress\/plugins\/seo\/ -->\n<title>Demande d&#039;adh\u00e9sion - C.I.Q. Rive-Neuve<\/title>\n<meta name=\"robots\" content=\"index, follow, max-snippet:-1, max-image-preview:large, max-video-preview:-1\" \/>\n<link rel=\"canonical\" href=\"https:\/\/ciqriveneuve.fr\/?page_id=124\" \/>\n<meta property=\"og:locale\" content=\"fr_FR\" \/>\n<meta property=\"og:type\" content=\"article\" \/>\n<meta property=\"og:title\" content=\"Demande d&#039;adh\u00e9sion - C.I.Q. Rive-Neuve\" \/>\n<meta property=\"og:description\" content=\"Vous souhaitez participer \u00e0 la vie de votre quartier ? 1 &#8211; Vous pouvez nous renvoyer le bulletin d\u2019adh\u00e9sion accompagn\u00e9 de votre cotisation \u00e0 l\u2019adresse suivante\u00a0:CIQ Rive-Neuve10, rue Fortia13001 Marseille 2 &#8211; Directement en ligne :\" \/>\n<meta property=\"og:url\" content=\"https:\/\/ciqriveneuve.fr\/?page_id=124\" \/>\n<meta property=\"og:site_name\" content=\"C.I.Q. Rive-Neuve\" \/>\n<meta property=\"article:modified_time\" content=\"2025-01-13T22:58:36+00:00\" \/>\n<meta name=\"twitter:card\" content=\"summary_large_image\" \/>\n<meta name=\"twitter:label1\" content=\"Dur\u00e9e de lecture estim\u00e9e\" \/>\n\t<meta name=\"twitter:data1\" content=\"1 minute\" \/>\n<script type=\"application\/ld+json\" class=\"yoast-schema-graph\">{\"@context\":\"https:\/\/schema.org\",\"@graph\":[{\"@type\":\"WebPage\",\"@id\":\"https:\/\/ciqriveneuve.fr\/?page_id=124\",\"url\":\"https:\/\/ciqriveneuve.fr\/?page_id=124\",\"name\":\"Demande d'adh\u00e9sion - C.I.Q. Rive-Neuve\",\"isPartOf\":{\"@id\":\"https:\/\/ciqriveneuve.fr\/#website\"},\"datePublished\":\"2021-04-17T22:01:02+00:00\",\"dateModified\":\"2025-01-13T22:58:36+00:00\",\"breadcrumb\":{\"@id\":\"https:\/\/ciqriveneuve.fr\/?page_id=124#breadcrumb\"},\"inLanguage\":\"fr-FR\",\"potentialAction\":[{\"@type\":\"ReadAction\",\"target\":[\"https:\/\/ciqriveneuve.fr\/?page_id=124\"]}]},{\"@type\":\"BreadcrumbList\",\"@id\":\"https:\/\/ciqriveneuve.fr\/?page_id=124#breadcrumb\",\"itemListElement\":[{\"@type\":\"ListItem\",\"position\":1,\"name\":\"Accueil\",\"item\":\"https:\/\/ciqriveneuve.fr\/\"},{\"@type\":\"ListItem\",\"position\":2,\"name\":\"Demande d&rsquo;adh\u00e9sion\"}]},{\"@type\":\"WebSite\",\"@id\":\"https:\/\/ciqriveneuve.fr\/#website\",\"url\":\"https:\/\/ciqriveneuve.fr\/\",\"name\":\"C.I.Q. Rive-Neuve\",\"description\":\"Votre Comit\u00e9 d&#039;Int\u00e9r\u00eat de Quartier\",\"potentialAction\":[{\"@type\":\"SearchAction\",\"target\":{\"@type\":\"EntryPoint\",\"urlTemplate\":\"https:\/\/ciqriveneuve.fr\/?s={search_term_string}\"},\"query-input\":{\"@type\":\"PropertyValueSpecification\",\"valueRequired\":true,\"valueName\":\"search_term_string\"}}],\"inLanguage\":\"fr-FR\"}]}<\/script>\n<!-- \/ Yoast SEO plugin. -->","yoast_head_json":{"title":"Demande d'adh\u00e9sion - C.I.Q. Rive-Neuve","robots":{"index":"index","follow":"follow","max-snippet":"max-snippet:-1","max-image-preview":"max-image-preview:large","max-video-preview":"max-video-preview:-1"},"canonical":"https:\/\/ciqriveneuve.fr\/?page_id=124","og_locale":"fr_FR","og_type":"article","og_title":"Demande d'adh\u00e9sion - C.I.Q. Rive-Neuve","og_description":"Vous souhaitez participer \u00e0 la vie de votre quartier ? 1 &#8211; Vous pouvez nous renvoyer le bulletin d\u2019adh\u00e9sion accompagn\u00e9 de votre cotisation \u00e0 l\u2019adresse suivante\u00a0:CIQ Rive-Neuve10, rue Fortia13001 Marseille 2 &#8211; Directement en ligne :","og_url":"https:\/\/ciqriveneuve.fr\/?page_id=124","og_site_name":"C.I.Q. Rive-Neuve","article_modified_time":"2025-01-13T22:58:36+00:00","twitter_card":"summary_large_image","twitter_misc":{"Dur\u00e9e de lecture estim\u00e9e":"1 minute"},"schema":{"@context":"https:\/\/schema.org","@graph":[{"@type":"WebPage","@id":"https:\/\/ciqriveneuve.fr\/?page_id=124","url":"https:\/\/ciqriveneuve.fr\/?page_id=124","name":"Demande d'adh\u00e9sion - C.I.Q. Rive-Neuve","isPartOf":{"@id":"https:\/\/ciqriveneuve.fr\/#website"},"datePublished":"2021-04-17T22:01:02+00:00","dateModified":"2025-01-13T22:58:36+00:00","breadcrumb":{"@id":"https:\/\/ciqriveneuve.fr\/?page_id=124#breadcrumb"},"inLanguage":"fr-FR","potentialAction":[{"@type":"ReadAction","target":["https:\/\/ciqriveneuve.fr\/?page_id=124"]}]},{"@type":"BreadcrumbList","@id":"https:\/\/ciqriveneuve.fr\/?page_id=124#breadcrumb","itemListElement":[{"@type":"ListItem","position":1,"name":"Accueil","item":"https:\/\/ciqriveneuve.fr\/"},{"@type":"ListItem","position":2,"name":"Demande d&rsquo;adh\u00e9sion"}]},{"@type":"WebSite","@id":"https:\/\/ciqriveneuve.fr\/#website","url":"https:\/\/ciqriveneuve.fr\/","name":"C.I.Q. Rive-Neuve","description":"Votre Comit\u00e9 d&#039;Int\u00e9r\u00eat de Quartier","potentialAction":[{"@type":"SearchAction","target":{"@type":"EntryPoint","urlTemplate":"https:\/\/ciqriveneuve.fr\/?s={search_term_string}"},"query-input":{"@type":"PropertyValueSpecification","valueRequired":true,"valueName":"search_term_string"}}],"inLanguage":"fr-FR"}]}},"_links":{"self":[{"href":"https:\/\/ciqriveneuve.fr\/index.php?rest_route=\/wp\/v2\/pages\/124","targetHints":{"allow":["GET"]}}],"collection":[{"href":"https:\/\/ciqriveneuve.fr\/index.php?rest_route=\/wp\/v2\/pages"}],"about":[{"href":"https:\/\/ciqriveneuve.fr\/index.php?rest_route=\/wp\/v2\/types\/page"}],"author":[{"embeddable":true,"href":"https:\/\/ciqriveneuve.fr\/index.php?rest_route=\/wp\/v2\/users\/1"}],"replies":[{"embeddable":true,"href":"https:\/\/ciqriveneuve.fr\/index.php?rest_route=%2Fwp%2Fv2%2Fcomments&post=124"}],"version-history":[{"count":22,"href":"https:\/\/ciqriveneuve.fr\/index.php?rest_route=\/wp\/v2\/pages\/124\/revisions"}],"predecessor-version":[{"id":351,"href":"https:\/\/ciqriveneuve.fr\/index.php?rest_route=\/wp\/v2\/pages\/124\/revisions\/351"}],"wp:attachment":[{"href":"https:\/\/ciqriveneuve.fr\/index.php?rest_route=%2Fwp%2Fv2%2Fmedia&parent=124"}],"curies":[{"name":"wp","href":"https:\/\/api.w.org\/{rel}","templated":true}]}}