{"id":230,"date":"2021-05-25T03:59:10","date_gmt":"2021-05-25T01:59:10","guid":{"rendered":"http:\/\/ciqriveneuve.fr\/?page_id=230"},"modified":"2023-01-10T15:08:17","modified_gmt":"2023-01-10T14:08:17","slug":"commission-securite","status":"publish","type":"page","link":"https:\/\/ciqriveneuve.fr\/?page_id=230","title":{"rendered":"Signalement"},"content":{"rendered":"\n<p><strong>Vous souhaitez nous remonter une dol\u00e9ance<\/strong> ou un signalement, <br><\/p>\n\n\n\n<p><a href=\"https:\/\/docs.google.com\/forms\/d\/e\/1FAIpQLSfVTEOFbROsaJpQQFX8V7jhmGaTv5BY7FyjwabBCtnHXvI7mQ\/viewform?usp=pp_url\" target=\"_blank\" rel=\"noreferrer noopener\">Faire un signalement<\/a><\/p>\n\n\n\n<p><br> <\/p>\n","protected":false},"excerpt":{"rendered":"<p>Vous souhaitez nous remonter une dol\u00e9ance ou un signalement, Faire un signalement<\/p>\n","protected":false},"author":1,"featured_media":0,"parent":0,"menu_order":0,"comment_status":"closed","ping_status":"closed","template":"","meta":{"footnotes":""},"class_list":["post-230","page","type-page","status-publish","hentry"],"yoast_head":"<!-- This site is optimized with the Yoast SEO plugin v24.2 - https:\/\/yoast.com\/wordpress\/plugins\/seo\/ -->\n<title>Signalement - C.I.Q. Rive-Neuve<\/title>\n<meta name=\"robots\" content=\"index, follow, max-snippet:-1, max-image-preview:large, max-video-preview:-1\" \/>\n<link rel=\"canonical\" href=\"https:\/\/ciqriveneuve.fr\/?page_id=230\" \/>\n<meta property=\"og:locale\" content=\"fr_FR\" \/>\n<meta property=\"og:type\" content=\"article\" \/>\n<meta property=\"og:title\" content=\"Signalement - C.I.Q. Rive-Neuve\" \/>\n<meta property=\"og:description\" content=\"Vous souhaitez nous remonter une dol\u00e9ance ou un signalement, Faire un signalement\" \/>\n<meta property=\"og:url\" content=\"https:\/\/ciqriveneuve.fr\/?page_id=230\" \/>\n<meta property=\"og:site_name\" content=\"C.I.Q. Rive-Neuve\" \/>\n<meta property=\"article:modified_time\" content=\"2023-01-10T14:08:17+00:00\" \/>\n<meta name=\"twitter:card\" content=\"summary_large_image\" \/>\n<meta name=\"twitter:label1\" content=\"Dur\u00e9e de lecture estim\u00e9e\" \/>\n\t<meta name=\"twitter:data1\" content=\"1 minute\" \/>\n<script type=\"application\/ld+json\" class=\"yoast-schema-graph\">{\"@context\":\"https:\/\/schema.org\",\"@graph\":[{\"@type\":\"WebPage\",\"@id\":\"https:\/\/ciqriveneuve.fr\/?page_id=230\",\"url\":\"https:\/\/ciqriveneuve.fr\/?page_id=230\",\"name\":\"Signalement - C.I.Q. Rive-Neuve\",\"isPartOf\":{\"@id\":\"https:\/\/ciqriveneuve.fr\/#website\"},\"datePublished\":\"2021-05-25T01:59:10+00:00\",\"dateModified\":\"2023-01-10T14:08:17+00:00\",\"breadcrumb\":{\"@id\":\"https:\/\/ciqriveneuve.fr\/?page_id=230#breadcrumb\"},\"inLanguage\":\"fr-FR\",\"potentialAction\":[{\"@type\":\"ReadAction\",\"target\":[\"https:\/\/ciqriveneuve.fr\/?page_id=230\"]}]},{\"@type\":\"BreadcrumbList\",\"@id\":\"https:\/\/ciqriveneuve.fr\/?page_id=230#breadcrumb\",\"itemListElement\":[{\"@type\":\"ListItem\",\"position\":1,\"name\":\"Accueil\",\"item\":\"https:\/\/ciqriveneuve.fr\/\"},{\"@type\":\"ListItem\",\"position\":2,\"name\":\"Signalement\"}]},{\"@type\":\"WebSite\",\"@id\":\"https:\/\/ciqriveneuve.fr\/#website\",\"url\":\"https:\/\/ciqriveneuve.fr\/\",\"name\":\"C.I.Q. Rive-Neuve\",\"description\":\"Votre Comit\u00e9 d&#039;Int\u00e9r\u00eat de Quartier\",\"potentialAction\":[{\"@type\":\"SearchAction\",\"target\":{\"@type\":\"EntryPoint\",\"urlTemplate\":\"https:\/\/ciqriveneuve.fr\/?s={search_term_string}\"},\"query-input\":{\"@type\":\"PropertyValueSpecification\",\"valueRequired\":true,\"valueName\":\"search_term_string\"}}],\"inLanguage\":\"fr-FR\"}]}<\/script>\n<!-- \/ Yoast SEO plugin. -->","yoast_head_json":{"title":"Signalement - C.I.Q. Rive-Neuve","robots":{"index":"index","follow":"follow","max-snippet":"max-snippet:-1","max-image-preview":"max-image-preview:large","max-video-preview":"max-video-preview:-1"},"canonical":"https:\/\/ciqriveneuve.fr\/?page_id=230","og_locale":"fr_FR","og_type":"article","og_title":"Signalement - C.I.Q. Rive-Neuve","og_description":"Vous souhaitez nous remonter une dol\u00e9ance ou un signalement, Faire un signalement","og_url":"https:\/\/ciqriveneuve.fr\/?page_id=230","og_site_name":"C.I.Q. Rive-Neuve","article_modified_time":"2023-01-10T14:08:17+00:00","twitter_card":"summary_large_image","twitter_misc":{"Dur\u00e9e de lecture estim\u00e9e":"1 minute"},"schema":{"@context":"https:\/\/schema.org","@graph":[{"@type":"WebPage","@id":"https:\/\/ciqriveneuve.fr\/?page_id=230","url":"https:\/\/ciqriveneuve.fr\/?page_id=230","name":"Signalement - C.I.Q. Rive-Neuve","isPartOf":{"@id":"https:\/\/ciqriveneuve.fr\/#website"},"datePublished":"2021-05-25T01:59:10+00:00","dateModified":"2023-01-10T14:08:17+00:00","breadcrumb":{"@id":"https:\/\/ciqriveneuve.fr\/?page_id=230#breadcrumb"},"inLanguage":"fr-FR","potentialAction":[{"@type":"ReadAction","target":["https:\/\/ciqriveneuve.fr\/?page_id=230"]}]},{"@type":"BreadcrumbList","@id":"https:\/\/ciqriveneuve.fr\/?page_id=230#breadcrumb","itemListElement":[{"@type":"ListItem","position":1,"name":"Accueil","item":"https:\/\/ciqriveneuve.fr\/"},{"@type":"ListItem","position":2,"name":"Signalement"}]},{"@type":"WebSite","@id":"https:\/\/ciqriveneuve.fr\/#website","url":"https:\/\/ciqriveneuve.fr\/","name":"C.I.Q. Rive-Neuve","description":"Votre Comit\u00e9 d&#039;Int\u00e9r\u00eat de Quartier","potentialAction":[{"@type":"SearchAction","target":{"@type":"EntryPoint","urlTemplate":"https:\/\/ciqriveneuve.fr\/?s={search_term_string}"},"query-input":{"@type":"PropertyValueSpecification","valueRequired":true,"valueName":"search_term_string"}}],"inLanguage":"fr-FR"}]}},"_links":{"self":[{"href":"https:\/\/ciqriveneuve.fr\/index.php?rest_route=\/wp\/v2\/pages\/230","targetHints":{"allow":["GET"]}}],"collection":[{"href":"https:\/\/ciqriveneuve.fr\/index.php?rest_route=\/wp\/v2\/pages"}],"about":[{"href":"https:\/\/ciqriveneuve.fr\/index.php?rest_route=\/wp\/v2\/types\/page"}],"author":[{"embeddable":true,"href":"https:\/\/ciqriveneuve.fr\/index.php?rest_route=\/wp\/v2\/users\/1"}],"replies":[{"embeddable":true,"href":"https:\/\/ciqriveneuve.fr\/index.php?rest_route=%2Fwp%2Fv2%2Fcomments&post=230"}],"version-history":[{"count":9,"href":"https:\/\/ciqriveneuve.fr\/index.php?rest_route=\/wp\/v2\/pages\/230\/revisions"}],"predecessor-version":[{"id":376,"href":"https:\/\/ciqriveneuve.fr\/index.php?rest_route=\/wp\/v2\/pages\/230\/revisions\/376"}],"wp:attachment":[{"href":"https:\/\/ciqriveneuve.fr\/index.php?rest_route=%2Fwp%2Fv2%2Fmedia&parent=230"}],"curies":[{"name":"wp","href":"https:\/\/api.w.org\/{rel}","templated":true}]}}